{"id":10,"date":"2015-09-11T14:10:15","date_gmt":"2015-09-11T14:10:15","guid":{"rendered":"http:\/\/helbig-schirmer.de\/?page_id=10"},"modified":"2019-02-14T21:37:27","modified_gmt":"2019-02-14T21:37:27","slug":"das-team","status":"publish","type":"page","link":"https:\/\/helbig-schirmer.de\/?page_id=10","title":{"rendered":"Team"},"content":{"rendered":"\n<div class=\"wp-block-image\"><figure class=\"alignright is-resized\"><img decoding=\"async\" loading=\"lazy\" src=\"https:\/\/helbig-schirmer.de\/wp-content\/uploads\/2017\/02\/Team-4-739x1024.jpg\" alt=\"\" class=\"wp-image-102\" width=\"138\" height=\"191\"\/><\/figure><\/div>\n\n\n\n<p><strong>Rechtsanw\u00e4ltin Nadine Helbig <br><\/strong><\/p>\n\n\n\n<ul><li>Geboren in Plauen\/Vogtland<\/li><li>Studium an der Universit\u00e4t Bayreuth<\/li><li>Referendariat am Landgericht Zwickau<\/li><li>Rechtsanw\u00e4ltin seit Januar 2006<\/li><li>Erfolgreicher Abschluss des Fachanwaltslehrganges f\u00fcr Insolvenzrecht 2006<\/li><li>Seit 2009 Fachanw\u00e4ltin f\u00fcr Familienrecht<\/li><\/ul>\n\n\n\n<div class=\"wp-block-image\"><figure class=\"alignright is-resized\"><img decoding=\"async\" loading=\"lazy\" src=\"https:\/\/helbig-schirmer.de\/wp-content\/uploads\/2017\/02\/Team-5-614x1024.jpg\" alt=\"\" class=\"wp-image-103\" width=\"138\" height=\"229\"\/><\/figure><\/div>\n\n\n\n<p><strong>Rechtsanwalt Ronny Schirmer<\/strong><\/p>\n\n\n\n<ul><li>Geboren in Oelsnitz\/Vogtland<\/li><li>Studium an der Universit\u00e4t Jena<\/li><li>Referendariat am Landgericht Meiningen<\/li><li>Rechtsanwalt seit Juni 2004<\/li><li>Seit 2009 Fachanwalt f\u00fcr Arbeitsrecht<\/li><li>Erfolgreicher Abschluss des Fachanwaltslehrganges f\u00fcr Sozialrecht 2009<\/li><\/ul>\n\n\n\n<p><\/p>\n\n\n\n<p>W\u00e4hrend der B\u00fcrozeiten stehen Ihnen unsere qualifizierten Mitarbeiterinnen jederzeit f\u00fcr Terminvereinbarungen, R\u00fcckfragen und Mitteilungen zur Verf\u00fcgung und sind Ihnen bei den organisatorischen Fragen Ihres Mandats behilflich. So k\u00f6nnen wir Anw\u00e4lte uns konzentriert Ihren W\u00fcnschen und Anliegen, den Besprechungs- und Gerichtsterminen und dem zu f\u00fchrenden Schriftverkehr widmen, um Ihre Angelegenheit erfolgreich zum Ziel zu f\u00fchren.<\/p>\n\n\n\n<p style=\"text-align:left\"> <\/p>\n","protected":false},"excerpt":{"rendered":"<p>Rechtsanw\u00e4ltin Nadine Helbig Geboren in Plauen\/Vogtland Studium an der Universit\u00e4t Bayreuth Referendariat am Landgericht Zwickau Rechtsanw\u00e4ltin seit Januar 2006 Erfolgreicher Abschluss des Fachanwaltslehrganges f\u00fcr Insolvenzrecht 2006 Seit 2009 Fachanw\u00e4ltin f\u00fcr Familienrecht Rechtsanwalt Ronny Schirmer Geboren in Oelsnitz\/Vogtland Studium an der Universit\u00e4t Jena Referendariat am Landgericht Meiningen Rechtsanwalt seit Juni 2004 Seit 2009 Fachanwalt f\u00fcr Arbeitsrecht &hellip; <\/p>\n<p class=\"link-more\"><a href=\"https:\/\/helbig-schirmer.de\/?page_id=10\" class=\"more-link\"><span class=\"screen-reader-text\">\u201eTeam\u201c<\/span> weiterlesen<\/a><\/p>\n","protected":false},"author":1,"featured_media":0,"parent":0,"menu_order":4,"comment_status":"closed","ping_status":"closed","template":"","meta":[],"_links":{"self":[{"href":"https:\/\/helbig-schirmer.de\/index.php?rest_route=\/wp\/v2\/pages\/10"}],"collection":[{"href":"https:\/\/helbig-schirmer.de\/index.php?rest_route=\/wp\/v2\/pages"}],"about":[{"href":"https:\/\/helbig-schirmer.de\/index.php?rest_route=\/wp\/v2\/types\/page"}],"author":[{"embeddable":true,"href":"https:\/\/helbig-schirmer.de\/index.php?rest_route=\/wp\/v2\/users\/1"}],"replies":[{"embeddable":true,"href":"https:\/\/helbig-schirmer.de\/index.php?rest_route=%2Fwp%2Fv2%2Fcomments&post=10"}],"version-history":[{"count":19,"href":"https:\/\/helbig-schirmer.de\/index.php?rest_route=\/wp\/v2\/pages\/10\/revisions"}],"predecessor-version":[{"id":217,"href":"https:\/\/helbig-schirmer.de\/index.php?rest_route=\/wp\/v2\/pages\/10\/revisions\/217"}],"wp:attachment":[{"href":"https:\/\/helbig-schirmer.de\/index.php?rest_route=%2Fwp%2Fv2%2Fmedia&parent=10"}],"curies":[{"name":"wp","href":"https:\/\/api.w.org\/{rel}","templated":true}]}}