{"id":12,"date":"2015-09-11T14:13:07","date_gmt":"2015-09-11T14:13:07","guid":{"rendered":"http:\/\/helbig-schirmer.de\/?page_id=12"},"modified":"2017-12-09T08:46:20","modified_gmt":"2017-12-09T08:46:20","slug":"impressum","status":"publish","type":"page","link":"https:\/\/helbig-schirmer.de\/?page_id=12","title":{"rendered":"Impressum"},"content":{"rendered":"<p><strong>Impressum<\/strong><\/p>\n<p><strong>Rechtsanw\u00e4lte Helbig &amp; Schirmer<br \/>\n<\/strong>Pausaer Stra\u00dfe 127<br \/>\n08525 Plauen<\/p>\n<p>Tel.: 03741\/ 71938-0<br \/>\nFax : 03741\/ 71938-19<\/p>\n<p>E-Mail: info@helbig-schirmer.de<\/p>\n<p><strong>Inhaber:<\/strong><br \/>\nNadine Helbig, Rechtsanw\u00e4ltin<br \/>\nRonny Schirmer, Rechtsanwalt<\/p>\n<p>Verantwortlicher f\u00fcr den Inhalt der Webseite und redaktionell Verantwortlicher (Pflichtangaben nach \u00a7 5 TMG):<br \/>\nRechtsanwalt Ronny Schirmer (Anschrift wie oben)<\/p>\n<p><strong>Berufsbezeichnung und zust\u00e4ndige Kammer(n):<\/strong><\/p>\n<p>Die Rechtsanw\u00e4lte der Kanzlei haben die Berufsbezeichnung Rechtsanwalt\/Rechtsanw\u00e4ltin in der Bundesrepublik Deutschland erworben und sind als Rechtsanw\u00e4lte in Deutschland zugelassen.<\/p>\n<p>Die Rechtsanw\u00e4lte der Kanzlei sind Mitglieder der<\/p>\n<p>Rechtsanwaltskammer Sachsen,<br \/>\nGlacisstr.6,<br \/>\n01099 Dresden,<br \/>\n<a href=\"mailto:info@rak-sachsen.de\">info@rak-sachsen.de<\/a>,<br \/>\nwww.rak-sachsen.de,<\/p>\n<p>die gleichzeitig Aufsichtsbeh\u00f6rde ist.<\/p>\n<p><strong>Berufsrechtliche Regelungen:<\/strong><\/p>\n<p>Die Rechtsanw\u00e4lte der Kanzlei unterliegen den folgenden berufsrechtlichen Regelungen:<\/p>\n<p>&#8211; <a href=\"http:\/\/www.brak.de\/seiten\/06.php#tdg\">Bundesrechtsanwaltsordnung (BRAO)<\/a><br \/>\n&#8211; <a href=\"http:\/\/www.brak.de\/seiten\/06.php#tdg\">Berufsordnung f\u00fcr Rechtsanw\u00e4lte (BORA)<\/a><br \/>\n&#8211; <a href=\"http:\/\/www.brak.de\/seiten\/06.php#tdg\">Fachanwaltsordnung (FAO)<\/a><br \/>\n&#8211; <a href=\"http:\/\/www.brak.de\/seiten\/06.php#tdg\">Rechtsanwaltsverg\u00fctungsgesetz (RVG)<\/a><br \/>\n&#8211; <a href=\"http:\/\/www.brak.de\/seiten\/06.php#tdg\">Berufsregelungen der Rechtsanw\u00e4lte der Europ\u00e4ischen Union<\/a><\/p>\n<p>Die Regelungen k\u00f6nnen bei der Bundesrechtsanwaltskammer unter <a href=\"http:\/\/www.brak.de\/seiten\/06.php#tdg\">http:\/\/www.brak.de\/seiten\/06.php#tdg<\/a> eingesehen werden<\/p>\n<p>Die Vertretung widerstreitender Interessen ist Rechtsanw\u00e4lten aufgrund berufsrechtlicher Regelungen untersagt (\u00a7 43a Abs. 4 BRAO). Vor \u00dcbernahme eines Mandats wird daher \u00fcberpr\u00fcft, ob ein Interessenkonflikt vorliegt.<\/p>\n<p>Die Geb\u00fchren der anwaltlichen T\u00e4tigkeit ergeben sich aus dem Rechtsanwaltsverg\u00fctungsgesetz (RVG). Alternativ kann individuell eine schriftliche Geb\u00fchrenvereinbarung \u00fcber eine Pauschale oder eine Abrechnung auf Stundenbasis erfolgen.<\/p>\n<p><strong>Berufshaftpflichtversicherung:<\/strong><\/p>\n<p>Die Rechtsanw\u00e4lte der Kanzlei sind nach \u00a7 51 BRAO verpflichtet, eine Berufshaftpflichtversicherung zu unterhalten.<\/p>\n<p>Herr Rechtsanwalt Schirmer und Frau Rechtsanw\u00e4ltin Helbig unterhalten ihre Berufshaftpflichtversicherung bei der HDI Versicherung AG, Postfach 21 27, 30021 Hannover (Vers.-Nr.: HxF70-008797483\/525).<\/p>\n<p>R\u00e4umlicher Geltungsbereich: bei Kanzleisitz in Deutschland in Zusammenhang mit der Beratung und Besch\u00e4ftigung mit europ\u00e4ischem Recht sowie zur Vertretung vor europ\u00e4ischen Gerichten.<\/p>\n<p><strong>Au\u00dfergerichtliche Streitschlichtung:<\/strong><\/p>\n<p>Bei Streitigkeiten zwischen Rechtsanw\u00e4lten und ihren Auftraggebern besteht auf Antrag die M\u00f6glichkeit der au\u00dfergerichtlichen Streitschlichtung bei der regionalen Rechtsanwaltskammer Sachsen, (gema\u0308\u00df \u00a7 73 Abs. 2 Nr. 3 i.V.m. \u00a7 73 Abs. 5 BRAO), oder bei der Schlichtungsstelle der Rechtsanwaltschaft (\u00a7 191f BRAO) bei der Bundesrechtsanwaltskammer, im Internet zu finden \u00fcber die Homepage der Bundesrechtsanwaltskammer (www.brak.de), E\u2010 Mail: schlichtungsstelle@brak.de.<\/p>\n<p><strong>Haftung und allgemeine Hinweise zur Benutzung der Webseite<\/strong><\/p>\n<p>Die Informationen auf dieser Webseite sind allgemeiner Art und stellen keine Rechtsberatung dar. Alle Ausk\u00fcnfte sind unverbindlicher Art. Es wird keine Gew\u00e4hr f\u00fcr die Richtigkeit der Inhalte \u00fcbernommen. Bei den eingestellten Texten handelt sich um die Meinung der jeweiligen Autoren. Wir weisen darauf hin, dass die bereitgestellten Informationen keine anwaltliche Beratung ersetzen k\u00f6nnen.<\/p>\n<p>Bitte beachten Sie, dass unverschl\u00fcsselte Kommunikation via E-Mail unsicher ist. Dies betrifft sowohl Inhalt, als auch Zugang von E-Mails. Es wird darauf hingewiesen, dass eine Haftung f\u00fcr \u00fcbermittelte Mitteilungen ausgeschlossen ist. <strong>Bitte setzen Sie sich in F\u00e4llen von Fristwahrung telefonisch mit der Kanzlei in Verbindung.<\/strong> Mandatsverh\u00e4ltnisse kommen erst durch Annahmeerkl\u00e4rung der Kanzlei zustande. Bei unverschl\u00fcsselter Erst\u00fcbermittlung einer E-Mail wird davon ausgegangen, dass Sie mit unverschl\u00fcsselter Kommunikation einverstanden sind, sofern Sie nicht eine andere Art der Kommunikation w\u00fcnschen. Zur verschl\u00fcsselten \u00dcbertragung von Informationen via E-Mail empfehlen wir die Verwendung von spezieller Software.<\/p>\n<p>Wir weisen ausdr\u00fccklich darauf hin, dass Links auch zu Seiten von Dritten f\u00fchren. Wir geben daher keine Garantie f\u00fcr die Funktionsf\u00e4higkeit der Seiten noch f\u00fcr deren Inhalt.<\/p>\n<p>Die vollst\u00e4ndige oder teilweise Reproduktion, Verbreitung, \u00dcbermittlung (elektronisch oder auf andere Weise), Modifikation oder Nutzung dieser Website insbesondere f\u00fcr \u00f6ffentliche oder kommerzielle Zwecke ist ohne unsere vorherige schriftliche Zustimmung untersagt.<\/p>\n<p><strong>Hinweis zu den Links auf der Webseite<\/strong><\/p>\n<p>Auf dieser Webseite finden Sie Links zu anderen Webseiten im Internet. Auf die Gestaltung und die Inhalte dieser Seite haben wir keinerlei Einfluss. Daher erkl\u00e4ren wir ausdr\u00fccklich, dass wir uns diese Inhalte nicht zu eigen machen.<\/p>\n<p>Eine Verantwortung f\u00fcr diese fremden Inhalte ist von uns nur dann gegeben, wenn wir von diesen (d.h. auch von einem rechtswidrigen bzw. strafbaren Inhalt) positive Kenntnis haben und es uns technisch m\u00f6glich und zumutbar ist, deren Nutzung zu verhindern.<\/p>\n<p>Wenn wir feststellen, dass ein konkretes Angebot, zu dem wir einen Link bereitgestellt haben, eine zivil- oder strafrechtliche Verantwortlichkeit ausl\u00f6st, werden wir den Verweis auf dieses Angebot aufheben, soweit uns dies technisch m\u00f6glich und zumutbar ist.<\/p>\n<p><strong>Haftungsausschluss:<\/strong><\/p>\n<p>Mit Urteil vom 12. Mai 1998 hat das LG Hamburg entschieden, dass man durch die Anbringung eines Links die Inhalte der gelinkten Seite ggf. mit zu verantworten hat. Dies kann, so das LG Hamburg, nur dadurch verhindert werden, dass man sich ausdr\u00fccklich von diesen gelinkten Inhalten distanziert.<\/p>\n<p>F\u00fcr den Inhalt der einzelnen gelinkten Homepages und Webauftritte ist ausschlie\u00dflich der betreffende Autor\/ Anbieter selbst verantwortlich, sie dienen lediglich zu Informationszwecken. Wir distanzieren uns aus diesem Grunde ausdr\u00fccklich von deren Inhalten, da wir keinerlei Einfluss auf die Gestaltung und die Inhalte der von uns gelinkten Seiten haben. Wir \u00fcbernehmen f\u00fcr die Gestaltung und Inhalte der von uns gelinkten Homepages und Webauftritte keinerlei Haftung<\/p>\n<p><strong>Design:<\/strong><\/p>\n<p>L E N K &amp; M E I N E L Grafikdesign<br \/>\nHohe Stra\u00dfe 7<br \/>\n08248 Klingenthal<\/p>\n<p>Tel.: 037467\/ 20016<br \/>\nFax: 037467\/ 22986<\/p>\n<p>E-Mail: info@lenk-meinel.de<\/p>\n<p><strong>Fotografie:<\/strong><\/p>\n<p>Fotostudio Julia Hauswald<br \/>\nKarlstra\u00dfe 5\u20137<br \/>\n08523 Plauen<\/p>\n<p>Tel.: 03741 420772<br \/>\nFax: 03741 420773<\/p>\n<p>E-Mail: info@fotostudiojulia.de<\/p>\n<p><strong>\u00a0<\/strong><\/p>\n","protected":false},"excerpt":{"rendered":"<p>Impressum Rechtsanw\u00e4lte Helbig &amp; Schirmer Pausaer Stra\u00dfe 127 08525 Plauen Tel.: 03741\/ 71938-0 Fax : 03741\/ 71938-19 E-Mail: info@helbig-schirmer.de Inhaber: Nadine Helbig, Rechtsanw\u00e4ltin Ronny Schirmer, Rechtsanwalt Verantwortlicher f\u00fcr den Inhalt der Webseite und redaktionell Verantwortlicher (Pflichtangaben nach \u00a7 5 TMG): Rechtsanwalt Ronny Schirmer (Anschrift wie oben) Berufsbezeichnung und zust\u00e4ndige Kammer(n): Die Rechtsanw\u00e4lte der Kanzlei haben &hellip; <\/p>\n<p class=\"link-more\"><a href=\"https:\/\/helbig-schirmer.de\/?page_id=12\" class=\"more-link\"><span class=\"screen-reader-text\">\u201eImpressum\u201c<\/span> weiterlesen<\/a><\/p>\n","protected":false},"author":1,"featured_media":0,"parent":0,"menu_order":8,"comment_status":"closed","ping_status":"closed","template":"","meta":[],"_links":{"self":[{"href":"https:\/\/helbig-schirmer.de\/index.php?rest_route=\/wp\/v2\/pages\/12"}],"collection":[{"href":"https:\/\/helbig-schirmer.de\/index.php?rest_route=\/wp\/v2\/pages"}],"about":[{"href":"https:\/\/helbig-schirmer.de\/index.php?rest_route=\/wp\/v2\/types\/page"}],"author":[{"embeddable":true,"href":"https:\/\/helbig-schirmer.de\/index.php?rest_route=\/wp\/v2\/users\/1"}],"replies":[{"embeddable":true,"href":"https:\/\/helbig-schirmer.de\/index.php?rest_route=%2Fwp%2Fv2%2Fcomments&post=12"}],"version-history":[{"count":4,"href":"https:\/\/helbig-schirmer.de\/index.php?rest_route=\/wp\/v2\/pages\/12\/revisions"}],"predecessor-version":[{"id":146,"href":"https:\/\/helbig-schirmer.de\/index.php?rest_route=\/wp\/v2\/pages\/12\/revisions\/146"}],"wp:attachment":[{"href":"https:\/\/helbig-schirmer.de\/index.php?rest_route=%2Fwp%2Fv2%2Fmedia&parent=12"}],"curies":[{"name":"wp","href":"https:\/\/api.w.org\/{rel}","templated":true}]}}