{"id":30,"date":"2015-09-11T14:40:54","date_gmt":"2015-09-11T14:40:54","guid":{"rendered":"http:\/\/helbig-schirmer.de\/?page_id=30"},"modified":"2017-12-18T19:25:33","modified_gmt":"2017-12-18T19:25:33","slug":"kontakt","status":"publish","type":"page","link":"https:\/\/helbig-schirmer.de\/?page_id=30","title":{"rendered":"Kontakt\/ Anfahrt"},"content":{"rendered":"<div id=\"cscf\" class=\"cscfBlock\">\n    <div class=\"cscfMessageSent\" style=\"display:none;\">\n\t\t<h3>Nachricht gesendet<\/h3>\n<p>Danke f\u00fcr Ihre Nachricht, Sie werden sobald wie m\u00f6glich eine Antwort erhalten. <\/p>    <\/div>\n    <div class=\"cscfMessageNotSent\" style=\"display:none;\">\n\t\t<p>Entschuldigung, es ist ein Fehler aufgetreten und die Nachricht wurde nicht gesendet.<\/p>\n    <\/div>\n    <div class=\"cscfForm\">\n        <p>Bitte geben Sie Ihre Kontaktdaten und Ihre Nachricht unten ein. Wir werden uns so schnell wie m\u00f6glich um Ihre Anfrage k\u00fcmmern.<\/p>\n\n        <form role=\"form\" id=\"frmCSCF\" name=\"frmCSCF\" method=\"post\">\n\t\t\t<input type=\"hidden\" id=\"cscf_nonce\" name=\"cscf_nonce\" value=\"0c55a6ccf9\" \/><input type=\"hidden\" name=\"_wp_http_referer\" value=\"\/index.php?rest_route=%2Fwp%2Fv2%2Fpages%2F30\" \/>            <input type=\"hidden\" name=\"post-id\" value=\"30\">\n\n\t\t\t\n            <!-- name -->\n            <div class=\"control-group form-group\">\n                <label for=\"cscf_name\">Name:<\/label>\n\n\n                <div class=\"\">\n\t\t\t\t\t                    <input class=\"form-control input-xlarge\"\n                           data-rule-required=\"true\"\n                           data-msg-required=\"Bitte gib deinen Namen ein.\"\n                           type=\"text\" id=\"cscf_name\" name=\"cscf[name]\"\n                           value=\"\"\n                           placeholder=\"Dein Name\"\n                    \/>\n                <\/div>\n                <span for=\"cscf_name\" class=\"help-inline help-block error\"\n                      style=\"display:none;\">\n\n                                    <\/span>\n            <\/div>\n\n\n            <!--email address-->\n            <div class=\"control-group form-group\">\n                <label for=\"cscf_email\">E-Mail-Adresse:<\/label>\n\n                <div class=\"\">\n\t\t\t\t\t                    <input class=\"form-control input-xlarge\"\n                           data-rule-required=\"true\"\n                           data-rule-email=\"true\"\n                           data-msg-required=\"Bitte gib deine E-Mail-Adresse ein.\"\n                           data-msg-email=\"Bitte gib eine g\u00fcltige E-Mail-Adresse ein.\"\n                           type=\"email\" id=\"cscf_email\" name=\"cscf[email]\"\n                           value=\"\"\n                           placeholder=\"Deine E-Mail-Adresse\"\n                    \/>\n                <\/div>\n                <span for=\"cscf_email\" class=\"help-inline help-block error\"\n                      style=\"display:none;\">\n                                    <\/span>\n            <\/div>\n\n\t\t\t\n\t\t\t\n\n            <!-- message -->\n            <div class=\"control-group form-group\">\n                <label for=\"cscf_message\">Nachricht:<\/label>\n                <div class=\"\">\n\t\t\t\t\t                    <textarea class=\"form-control input-xlarge\"\n                              data-rule-required=\"true\"\n                              data-msg-required=\"Bitte gib eine Nachricht ein.\"\n                              id=\"cscf_message\" name=\"cscf[message]\" rows=\"10\"\n                              placeholder=\"Deine Nachricht\"><\/textarea>\n                <\/div>\n\n                <span for=\"cscf_message\" class=\"help-inline help-block error\"\n                      style=\"display:none;\">\n                                    <\/span>\n            <\/div>\n\n\t\t\t\n\n\n\t\t\t\n            <!-- recaptcha -->\n\t\t\t            <input type=\"submit\" id=\"cscf_SubmitButton\" class=\"btn btn-default\"\n                   value=\"Nachricht senden\"\/>\n        <\/form>\n    <\/div>\n<\/div>\n\n<p>&nbsp;<\/p>\n<p><strong>Anfahrt:<\/strong><\/p>\n<p>Unsere R\u00e4ume finden Sie in der ersten Etage in der Pausaer Str. 127\/Ecke Wartburgplatz, schr\u00e4g gegen\u00fcber der Shell Tankstelle. Die Stra\u00dfenbahnhaltestelle Wartburgplatz befindet sich direkt vor unserer Haust\u00fcre.<\/p>\n<p>Kostenlose Parkm\u00f6glichkeiten sind am Wartburgplatz ausreichend vorhanden.<\/p>\n<p><a href=\"https:\/\/helbig-schirmer.de\/wp-content\/uploads\/2017\/12\/anfahrt.png\"><img decoding=\"async\" loading=\"lazy\" class=\"alignnone size-medium wp-image-148\" src=\"https:\/\/helbig-schirmer.de\/wp-content\/uploads\/2017\/12\/anfahrt-293x300.png\" alt=\"\" width=\"293\" height=\"300\" srcset=\"https:\/\/helbig-schirmer.de\/wp-content\/uploads\/2017\/12\/anfahrt-293x300.png 293w, https:\/\/helbig-schirmer.de\/wp-content\/uploads\/2017\/12\/anfahrt-768x787.png 768w, https:\/\/helbig-schirmer.de\/wp-content\/uploads\/2017\/12\/anfahrt-1000x1024.png 1000w, https:\/\/helbig-schirmer.de\/wp-content\/uploads\/2017\/12\/anfahrt.png 1110w\" sizes=\"(max-width: 293px) 100vw, 293px\" \/><\/a><\/p>\n","protected":false},"excerpt":{"rendered":"<p>&nbsp; Anfahrt: Unsere R\u00e4ume finden Sie in der ersten Etage in der Pausaer Str. 127\/Ecke Wartburgplatz, schr\u00e4g gegen\u00fcber der Shell Tankstelle. Die Stra\u00dfenbahnhaltestelle Wartburgplatz befindet sich direkt vor unserer Haust\u00fcre. Kostenlose Parkm\u00f6glichkeiten sind am Wartburgplatz ausreichend vorhanden.<\/p>\n","protected":false},"author":1,"featured_media":0,"parent":0,"menu_order":7,"comment_status":"closed","ping_status":"closed","template":"","meta":[],"_links":{"self":[{"href":"https:\/\/helbig-schirmer.de\/index.php?rest_route=\/wp\/v2\/pages\/30"}],"collection":[{"href":"https:\/\/helbig-schirmer.de\/index.php?rest_route=\/wp\/v2\/pages"}],"about":[{"href":"https:\/\/helbig-schirmer.de\/index.php?rest_route=\/wp\/v2\/types\/page"}],"author":[{"embeddable":true,"href":"https:\/\/helbig-schirmer.de\/index.php?rest_route=\/wp\/v2\/users\/1"}],"replies":[{"embeddable":true,"href":"https:\/\/helbig-schirmer.de\/index.php?rest_route=%2Fwp%2Fv2%2Fcomments&post=30"}],"version-history":[{"count":10,"href":"https:\/\/helbig-schirmer.de\/index.php?rest_route=\/wp\/v2\/pages\/30\/revisions"}],"predecessor-version":[{"id":190,"href":"https:\/\/helbig-schirmer.de\/index.php?rest_route=\/wp\/v2\/pages\/30\/revisions\/190"}],"wp:attachment":[{"href":"https:\/\/helbig-schirmer.de\/index.php?rest_route=%2Fwp%2Fv2%2Fmedia&parent=30"}],"curies":[{"name":"wp","href":"https:\/\/api.w.org\/{rel}","templated":true}]}}