{"id":34,"date":"2015-12-22T16:23:09","date_gmt":"2015-12-22T16:23:09","guid":{"rendered":"http:\/\/helbig-schirmer.de\/?page_id=34"},"modified":"2017-12-17T19:28:43","modified_gmt":"2017-12-17T19:28:43","slug":"formulare-links","status":"publish","type":"page","link":"https:\/\/helbig-schirmer.de\/?page_id=34","title":{"rendered":"Formulare\/ Links"},"content":{"rendered":"<p><strong>Formulare:<\/strong><\/p>\n<p><strong>Beratungshilfe:<\/strong><\/p>\n<p>Die <strong>Beratungshilfe<\/strong> ist in Deutschland eine staatliche (und auch von der Anwaltschaft getragene) Sozialleistung f\u00fcr den Rechtsuchenden, der die Kosten f\u00fcr die Beratung oder au\u00dfergerichtliche Vertretung durch einen Rechtsanwalt nicht aufbringen kann und dem keine andere zumutbare M\u00f6glichkeit f\u00fcr eine Hilfe zur Verf\u00fcgung steht. Anfallende au\u00dfergerichtliche Rechtsanwaltskosten k\u00f6nnen von der Staatskasse \u00fcbernommen werden, wenn das zust\u00e4ndige Amtsgericht einen entsprechenden Antrag auf Gew\u00e4hrung von Beratungshilfe bewilligt hat.<\/p>\n<p><em>Das <a href=\"http:\/\/www.justiz.de\/formulare\/zwi_bund\/agI1.pdf\">Antragsformular finden Sie hier.<\/a><\/em><\/p>\n<p><strong>Prozesskostenhilfe:<\/strong><\/p>\n<p>\u00dcber die <strong>Prozesskostenhilfe<\/strong> (PKH) kann einkommensschwachen Personen eine finanzielle Unterst\u00fctzung zur Durchf\u00fchrung von Gerichtsverfahren auf Antrag gew\u00e4hrt werden. Prozesskostenhilfe kommt in Verfahren vor den Zivil-, Verwaltungs-, Arbeits- und Sozialgerichten in Betracht, wenn eine Verfahrenspartei nicht in der Lage ist, die Anwalts- und Gerichtskosten f\u00fcr den Prozess aufzubringen. In Strafverfahren kann nur Nebenkl\u00e4gern Prozesskostenhilfe gew\u00e4hrt werden. Die Prozesskostenhilfe tr\u00e4gt der Staat. Sie ist eine spezialgesetzlich geregelte Einrichtung der Sozialhilfe im Bereich der Rechtspflege und dient der Umsetzung der Rechtsschutzgleichheit.<\/p>\n<p><em>Das <a href=\"http:\/\/www.justiz.de\/formulare\/zwi_bund\/zp1a.pdf\">Antragsformular finden Sie hier.<\/a><br \/>\n<\/em><\/p>\n<p><strong>Links:<\/strong><\/p>\n<p><strong>Gerichte<br \/>\n<\/strong><a href=\"http:\/\/www.bundesverfassungsgericht.de\/\">Bundesverfassungsgericht<\/a><br \/>\n<a href=\"http:\/\/www.bundesgerichtshof.de\">Bundesgerichtshof<\/a><br \/>\n<a href=\"http:\/\/www.bundesarbeitsgericht.de\/\">Bundesarbeitsgericht<\/a><br \/>\n<a href=\"http:\/\/www.bverwg.de\/\">Bundesverwaltungsgericht<\/a><br \/>\n<a href=\"http:\/\/www.bundessozialgericht.de\/\">Bundessozialgericht<\/a><br \/>\n<a href=\"http:\/\/www.bpatg.de\">Bundespatentgericht <\/a><\/p>\n<p><strong>Gesetze<\/strong><\/p>\n<p><a href=\"http:\/\/www.gesetze-im-internet.de\/\">http:\/\/www.gesetze-im-internet.de\/<\/a><\/p>\n<p><strong>\u00a0Verkehrsrecht<\/strong><\/p>\n<p><a href=\"http:\/\/www.verkehrsanwaelte.de\/bussgeldkatalog\">Bu\u00dfgeldkatalog<\/a><a href=\"http:\/\/www.verkehrsanwaelte.de\/bussgeldkatalog\"><br \/>\n<\/a><a href=\"http:\/\/www.bussgeldkataloge.de\">Bu\u00dfgeldrechner (Geschwindigkeit)<\/a><a href=\"http:\/\/www.bussgeldkataloge.de\"><br \/>\n<\/a><a href=\"http:\/\/www.kba.de\">Kraftfahrtbundesamt<\/a><br \/>\n<a href=\"http:\/\/www.blutalkohol-homepage.de\/\">Promille-Rechner<\/a><\/p>\n<p><strong>\u00a0Allgemeines<\/strong><\/p>\n<p><a href=\"https:\/\/www.bafoeg-rechner.de\/Rechner\">Bafoeg-Rechner<\/a><br \/>\n<a href=\"http:\/\/rvg.pentos.ag\">Prozesskostenrechner<\/a><br \/>\n<a href=\"http:\/\/www.basiszinssatz.de\">Zinsrechner (mit und ohne Basiszinssatz)<\/a><br \/>\n<a href=\"http:\/\/www.nettolohn.de\"> Brutto-Netto-Rechner<\/a><br \/>\n<a href=\"http:\/\/www.n-heydorn.de\/pfaendungstabelle.html\"> Lohnpf\u00e4ndungsrechner<\/a><br \/>\n<a href=\"http:\/\/www.onlineinfodienst.de\/grabowski-partner\/tools\/KFAr.html\"> K\u00fcndigungsfristenrechner (Arbeitsrecht):<\/a><\/p>\n<p><strong>diverse weitere Online-Rechner:<\/strong><\/p>\n<p><a href=\"http:\/\/www.n-heydorn.de\/inhalt.html\">Online-Rechner (weitere) <\/a><\/p>\n<table style=\"height: 5px;\" width=\"573\">\n<tbody>\n<tr>\n<td width=\"823\"><\/td>\n<td width=\"0\"><\/td>\n<\/tr>\n<\/tbody>\n<\/table>\n","protected":false},"excerpt":{"rendered":"<p>Formulare: Beratungshilfe: Die Beratungshilfe ist in Deutschland eine staatliche (und auch von der Anwaltschaft getragene) Sozialleistung f\u00fcr den Rechtsuchenden, der die Kosten f\u00fcr die Beratung oder au\u00dfergerichtliche Vertretung durch einen Rechtsanwalt nicht aufbringen kann und dem keine andere zumutbare M\u00f6glichkeit f\u00fcr eine Hilfe zur Verf\u00fcgung steht. Anfallende au\u00dfergerichtliche Rechtsanwaltskosten k\u00f6nnen von der Staatskasse \u00fcbernommen werden, &hellip; <\/p>\n<p class=\"link-more\"><a href=\"https:\/\/helbig-schirmer.de\/?page_id=34\" class=\"more-link\"><span class=\"screen-reader-text\">\u201eFormulare\/ Links\u201c<\/span> weiterlesen<\/a><\/p>\n","protected":false},"author":1,"featured_media":0,"parent":0,"menu_order":6,"comment_status":"closed","ping_status":"closed","template":"","meta":[],"_links":{"self":[{"href":"https:\/\/helbig-schirmer.de\/index.php?rest_route=\/wp\/v2\/pages\/34"}],"collection":[{"href":"https:\/\/helbig-schirmer.de\/index.php?rest_route=\/wp\/v2\/pages"}],"about":[{"href":"https:\/\/helbig-schirmer.de\/index.php?rest_route=\/wp\/v2\/types\/page"}],"author":[{"embeddable":true,"href":"https:\/\/helbig-schirmer.de\/index.php?rest_route=\/wp\/v2\/users\/1"}],"replies":[{"embeddable":true,"href":"https:\/\/helbig-schirmer.de\/index.php?rest_route=%2Fwp%2Fv2%2Fcomments&post=34"}],"version-history":[{"count":13,"href":"https:\/\/helbig-schirmer.de\/index.php?rest_route=\/wp\/v2\/pages\/34\/revisions"}],"predecessor-version":[{"id":188,"href":"https:\/\/helbig-schirmer.de\/index.php?rest_route=\/wp\/v2\/pages\/34\/revisions\/188"}],"wp:attachment":[{"href":"https:\/\/helbig-schirmer.de\/index.php?rest_route=%2Fwp%2Fv2%2Fmedia&parent=34"}],"curies":[{"name":"wp","href":"https:\/\/api.w.org\/{rel}","templated":true}]}}